{"id":45482,"date":"2021-05-08T20:39:09","date_gmt":"2021-05-08T18:39:09","guid":{"rendered":"https:\/\/www.sailgarda.com\/garda\/come-si-troviamo\/"},"modified":"2021-08-03T17:00:33","modified_gmt":"2021-08-03T15:00:33","slug":"come-si-troviamo","status":"publish","type":"page","link":"https:\/\/www.sailgarda.com\/garda\/it\/come-si-troviamo\/","title":{"rendered":"Come trovarci"},"content":{"rendered":"<h2>Fraglia Vela Malcesine<\/h2>\n<p>Presso la Fraglia Vela Malcesine (FVM) <br \/>circa 4km a nord di Malcesine su via Gardesana<\/p>\n<p>Siamo un centro velico e di noleggio all&#8217;interno del rinomato Centro Velico di Malcesine (Fraglia Vela Malcesine). Ci concentriamo su corsi e noleggi per turisti dal Regno Unito, Italia e Germania. Offriamo corsi RYA e VDWS (federazione tedesca) di vela e windsurf e anche i nostri corsi di foiling<\/p>\n<h2>via Gardesana 205, Malcesine (VR) 37018<\/h2>\n<p>45\u00ba 47.677N 10\u00ba 50.053E<br \/>(45.79462 10.83422)<\/p>\n<p><strong>\u00c8 meglio inserire &#8220;FVM&#8221; nel navigatore<\/strong>. Fai attenzione se usi l&#8217;app del tuo cellulare per le indicazioni stradali perch\u00e9 c&#8217;\u00e8 un altro centro vicino all&#8217;hotel Europa, a soli 2 km da Malcesine. A volte questo viene indicato per errore. Assicurati di essere vicino alla frazione di<b>Navene<\/b>.<\/p>\n<h2>Da nord<\/h2>\n<p>Trova la frazione di Navene dove ci sono due hotel, un bar, un ampio parcheggio e una fermata dell&#8217;autobus. Potete quindi trovarci al Centro Velico di Malcesine (FVM), 300m pi\u00f9 a sud sul lungolago.<\/p>\n<p>\t\t\t\t\t\t\t\t\t\t\t\t\t<a href=\"https:\/\/www.sailgarda.com\/garda\/wp-content\/uploads\/2021\/04\/europa-road-from-north.jpg\" data-elementor-open-lightbox=\"yes\" data-elementor-lightbox-title=\"europa-road-from-north\"><br \/>\n\t\t\t\t\t\t\t<img decoding=\"async\" width=\"1700\" height=\"1055\" src=\"https:\/\/www.sailgarda.com\/garda\/wp-content\/uploads\/2021\/04\/europa-road-from-north.jpg\" alt=\"\" loading=\"lazy\" srcset=\"https:\/\/www.sailgarda.com\/garda\/wp-content\/uploads\/2021\/04\/europa-road-from-north.jpg 1700w, https:\/\/www.sailgarda.com\/garda\/wp-content\/uploads\/2021\/04\/europa-road-from-north-600x372.jpg 600w, https:\/\/www.sailgarda.com\/garda\/wp-content\/uploads\/2021\/04\/europa-road-from-north-768x477.jpg 768w, https:\/\/www.sailgarda.com\/garda\/wp-content\/uploads\/2021\/04\/europa-road-from-north-1536x953.jpg 1536w\" sizes=\"auto, (max-width: 1700px) 100vw, 1700px\" \/>\t\t\t\t\t\t\t\t<\/a><\/p>\n<h2>Da sud<\/h2>\n<p>\t\t\t\t\t\t\t\t\t\t\t\t\t<a href=\"https:\/\/www.sailgarda.com\/garda\/wp-content\/uploads\/2021\/04\/europa-road-from-south.jpg\" data-elementor-open-lightbox=\"yes\" data-elementor-lightbox-title=\"europa-road-from-south\"><br \/>\n\t\t\t\t\t\t\t<img decoding=\"async\" width=\"1486\" height=\"905\" src=\"https:\/\/www.sailgarda.com\/garda\/wp-content\/uploads\/2021\/04\/europa-road-from-south.jpg\" alt=\"\" loading=\"lazy\" srcset=\"https:\/\/www.sailgarda.com\/garda\/wp-content\/uploads\/2021\/04\/europa-road-from-south.jpg 1486w, https:\/\/www.sailgarda.com\/garda\/wp-content\/uploads\/2021\/04\/europa-road-from-south-600x365.jpg 600w, https:\/\/www.sailgarda.com\/garda\/wp-content\/uploads\/2021\/04\/europa-road-from-south-768x468.jpg 768w\" sizes=\"auto, (max-width: 1486px) 100vw, 1486px\" \/>\t\t\t\t\t\t\t\t<\/a><\/p>\n<p>Dal centro di Malcesine proseguire in direzione nord verso &#8220;Torbole&#8221; per circa 4 km. Troverete la nostra scuola di vela presso la Fraglia Vela Malcesine, che si trova sulla sinistra tra le frazioni di Campagnola e Navene.<\/p>\n<h2>Da sud<\/h2>\n<h2>Google Maps<\/h2>\n<p><strong><em>Sul navigatore \u00e8 meglio cercare &#8220;FVM&#8221; che &#8220;Europa Surf and Sail&#8221;!<\/em><\/strong><\/p>\n<p>\t\t\t<iframe frameborder=\"0\" scrolling=\"no\" marginheight=\"0\" marginwidth=\"0\" src=\"https:\/\/maps.google.com\/maps?q=europa%20surf%20and%20sail%20%20malcesine&amp;t=m&amp;z=14&amp;output=embed&amp;iwloc=near\" title=\"%3$s\" aria-label=\"%3$s\"><\/iframe><\/p>\n<h2>In viaggio..<\/h2>\n<h2>con l&#8217;autobus<\/h2>\n<p>Prendi l&#8217;autobus (blu) che va da Riva del Garda (all&#8217;estremit\u00e0 nord del lago) fino alla citt\u00e0 di Garda (a sud). Alcuni proseguono poi per Verona o per Peschiera, nell&#8217;estremit\u00e0 Sud del lago.<\/p>\n<p>Prendi l&#8217;autobus dalla stazione degli autobus nel centro di Malcesine. Si pu\u00f2 scendere a Campagnola (300m a sud della Fraglia) oppure a Navene (300m a nord della Fraglia).<\/p>\n<h2>dal &#8220;tourist bus&#8221;<\/h2>\n<p>Prendere l&#8217;autobus turistico rosso che parte dal centro di Malcesine ogni ora (a &#8217;20), eccetto alle 15, e ferma in molti punti sulla strada che porta a Navene. Si pu\u00f2 scendere dall&#8217;autobus di fronte al Centro Velico Malcesine (&#8220;la Fraglia&#8221;).<\/p>\n<p>L&#8217;autobus impiega circa 15 minuti, si prega di controllare<strong><a title=\"Tourist bus timetable\" href=\"https:\/\/www.visitmalcesine.com\/it\/poi\/tourist-bus\">gli orari<\/a>.<\/strong><\/p>\n<h2>in bicicletta oppure a piedi<\/h2>\n<p>Utilizza la pista ciclabile sul lungolago per raggiungerci. Da Malcesine ci vogliono circa 15 minuti. Si pu\u00f2 camminare, andare in bicicletta, sui pattini o in monociclo lungo il percorso che va dal sud di Malcesine al nord di Navene.<\/p>\n<h2>parcheggio<\/h2>\n<p>\t\t\t\t\t\t\t\t\t\t\t\t<img decoding=\"async\" width=\"1200\" height=\"900\" src=\"https:\/\/www.sailgarda.com\/garda\/wp-content\/uploads\/2021\/04\/Parking-map-final.gif\" alt=\"\" loading=\"lazy\" \/>\t\t\t\t\t\t\t\t\t\t\t\t\t\t<\/p>\n<h2>Parcheggio FVM<\/h2>\n<p>La FVM dispone di un ottimo parcheggio nei giorni feriali, solitamente \u00e8 perci\u00f2 possibile trovare posto l\u00ec Durante il weekend potrebbe essere necessario arrivare presto per trovare posto. Inoltre, quando ci sono grandi eventi, il parcheggio della FVM \u00e8 solitamente riservato e i visitatori potrebbero essere reindirizzati ad un parcheggio alternativo lungo la pista ciclabile.<\/p>\n<p>I primi 20 minuti sono gratuiti, poi il costo \u00e8 di 1 \u20ac all&#8217;ora (costo diretto al centro comunale, non a noi!). C&#8217;\u00e8 una macchina p\u00e8r il pagamento del parcheggio all&#8217;ingresso principale della clubhouse.<\/p>\n<h2>Navene<\/h2>\n<p>Anche se si riempie rapidamente, spesso \u00e8 possibile parcheggiare comunque in zona, percorrerendo poi il breve tragitto lungo la pista ciclabile. Anche in questo caso il costo \u00e8 di 1 \u20ac all&#8217;ora. Questo deve essere pagato in anticipo mediante l&#8217;uso di monete.<\/p>\n<p>In alternativa, sulla via di Mezzo, in alto a destra, accanto alla grande villa, ci sono posti auto gratuiti. Chi prima arriva meglio alloggia!<\/p>\n<h2>Campagnola \/ allevamento di trote<\/h2>\n<p>In direzione sud, a 200 m dalla ESS, si sale a sinistra per la stretta <strong>via Navene Vecchia<\/strong> tra alte mura (<u>segnaletica divieto camion e parcheggio<\/u>) e presso l&#8217;allevamento di trote sulla sinistra (prima del laghetto) si trova l&#8217;ingresso per un ampio parcheggio pubblico.<\/p>\n<p>Anche questo costa 1 \u20ac all&#8217;ora e la percorrenza al ritorno \u00e8 di circa 400 m.<\/p>\n","protected":false},"excerpt":{"rendered":"<p>Fraglia Vela Malcesine Presso la Fraglia Vela Malcesine (FVM) circa 4km a nord di Malcesine su via Gardesana Siamo un centro velico e di noleggio all&#8217;interno del rinomato Centro Velico di Malcesine (Fraglia Vela Malcesine). Ci concentriamo su corsi e noleggi per turisti dal Regno Unito, Italia e Germania. Offriamo corsi RYA e VDWS (federazione [&hellip;]<\/p>\n","protected":false},"author":1,"featured_media":0,"parent":0,"menu_order":5050,"comment_status":"closed","ping_status":"closed","template":"elementor_header_footer","meta":{"ocean_post_layout":"","ocean_both_sidebars_style":"","ocean_both_sidebars_content_width":0,"ocean_both_sidebars_sidebars_width":0,"ocean_sidebar":"0","ocean_second_sidebar":"0","ocean_disable_margins":"enable","ocean_add_body_class":"","ocean_shortcode_before_top_bar":"","ocean_shortcode_after_top_bar":"","ocean_shortcode_before_header":"","ocean_shortcode_after_header":"","ocean_has_shortcode":"","ocean_shortcode_after_title":"","ocean_shortcode_before_footer_widgets":"","ocean_shortcode_after_footer_widgets":"","ocean_shortcode_before_footer_bottom":"","ocean_shortcode_after_footer_bottom":"","ocean_display_top_bar":"default","ocean_display_header":"default","ocean_header_style":"","ocean_center_header_left_menu":"0","ocean_custom_header_template":"0","ocean_custom_logo":0,"ocean_custom_retina_logo":0,"ocean_custom_logo_max_width":0,"ocean_custom_logo_tablet_max_width":0,"ocean_custom_logo_mobile_max_width":0,"ocean_custom_logo_max_height":0,"ocean_custom_logo_tablet_max_height":0,"ocean_custom_logo_mobile_max_height":0,"ocean_header_custom_menu":"0","ocean_menu_typo_font_family":"0","ocean_menu_typo_font_subset":"","ocean_menu_typo_font_size":0,"ocean_menu_typo_font_size_tablet":0,"ocean_menu_typo_font_size_mobile":0,"ocean_menu_typo_font_size_unit":"px","ocean_menu_typo_font_weight":"","ocean_menu_typo_font_weight_tablet":"","ocean_menu_typo_font_weight_mobile":"","ocean_menu_typo_transform":"","ocean_menu_typo_transform_tablet":"","ocean_menu_typo_transform_mobile":"","ocean_menu_typo_line_height":0,"ocean_menu_typo_line_height_tablet":0,"ocean_menu_typo_line_height_mobile":0,"ocean_menu_typo_line_height_unit":"","ocean_menu_typo_spacing":0,"ocean_menu_typo_spacing_tablet":0,"ocean_menu_typo_spacing_mobile":0,"ocean_menu_typo_spacing_unit":"","ocean_menu_link_color":"","ocean_menu_link_color_hover":"","ocean_menu_link_color_active":"","ocean_menu_link_background":"","ocean_menu_link_hover_background":"","ocean_menu_link_active_background":"","ocean_menu_social_links_bg":"","ocean_menu_social_hover_links_bg":"","ocean_menu_social_links_color":"","ocean_menu_social_hover_links_color":"","ocean_disable_title":"default","ocean_disable_heading":"default","ocean_post_title":"","ocean_post_subheading":"","ocean_post_title_style":"","ocean_post_title_background_color":"","ocean_post_title_background":0,"ocean_post_title_bg_image_position":"","ocean_post_title_bg_image_attachment":"","ocean_post_title_bg_image_repeat":"","ocean_post_title_bg_image_size":"","ocean_post_title_height":0,"ocean_post_title_bg_overlay":0.5,"ocean_post_title_bg_overlay_color":"","ocean_disable_breadcrumbs":"default","ocean_breadcrumbs_color":"","ocean_breadcrumbs_separator_color":"","ocean_breadcrumbs_links_color":"","ocean_breadcrumbs_links_hover_color":"","ocean_display_footer_widgets":"default","ocean_display_footer_bottom":"default","ocean_custom_footer_template":"0","footnotes":""},"class_list":["post-45482","page","type-page","status-publish","hentry","entry"],"yoast_head":"<!-- This site is optimized with the Yoast SEO plugin v27.6 - https:\/\/yoast.com\/product\/yoast-seo-wordpress\/ -->\n<title>Come trovarci - Europa Surf and Sail<\/title>\n<meta name=\"robots\" content=\"index, follow, max-snippet:-1, max-image-preview:large, max-video-preview:-1\" \/>\n<link rel=\"canonical\" href=\"https:\/\/www.sailgarda.com\/garda\/it\/come-si-troviamo\/\" \/>\n<meta property=\"og:locale\" content=\"it_IT\" \/>\n<meta property=\"og:type\" content=\"article\" \/>\n<meta property=\"og:title\" content=\"Come trovarci - Europa Surf and Sail\" \/>\n<meta property=\"og:description\" content=\"Fraglia Vela Malcesine Presso la Fraglia Vela Malcesine (FVM) circa 4km a nord di Malcesine su via Gardesana Siamo un centro velico e di noleggio all&#8217;interno del rinomato Centro Velico di Malcesine (Fraglia Vela Malcesine). Ci concentriamo su corsi e noleggi per turisti dal Regno Unito, Italia e Germania. Offriamo corsi RYA e VDWS (federazione [&hellip;]\" \/>\n<meta property=\"og:url\" content=\"https:\/\/www.sailgarda.com\/garda\/it\/come-si-troviamo\/\" \/>\n<meta property=\"og:site_name\" content=\"Europa Surf and Sail\" \/>\n<meta property=\"article:modified_time\" content=\"2021-08-03T15:00:33+00:00\" \/>\n<meta property=\"og:image\" content=\"https:\/\/www.sailgarda.com\/garda\/wp-content\/uploads\/2021\/04\/europa-road-from-north.jpg\" \/>\n<meta name=\"twitter:card\" content=\"summary_large_image\" \/>\n<meta name=\"twitter:label1\" content=\"Tempo di lettura stimato\" \/>\n\t<meta name=\"twitter:data1\" content=\"3 minuti\" \/>\n<script type=\"application\/ld+json\" class=\"yoast-schema-graph\">{\"@context\":\"https:\\\/\\\/schema.org\",\"@graph\":[{\"@type\":\"WebPage\",\"@id\":\"https:\\\/\\\/www.sailgarda.com\\\/garda\\\/it\\\/come-si-troviamo\\\/\",\"url\":\"https:\\\/\\\/www.sailgarda.com\\\/garda\\\/it\\\/come-si-troviamo\\\/\",\"name\":\"Come trovarci - Europa Surf and Sail\",\"isPartOf\":{\"@id\":\"https:\\\/\\\/www.sailgarda.com\\\/garda\\\/it\\\/#website\"},\"primaryImageOfPage\":{\"@id\":\"https:\\\/\\\/www.sailgarda.com\\\/garda\\\/it\\\/come-si-troviamo\\\/#primaryimage\"},\"image\":{\"@id\":\"https:\\\/\\\/www.sailgarda.com\\\/garda\\\/it\\\/come-si-troviamo\\\/#primaryimage\"},\"thumbnailUrl\":\"https:\\\/\\\/www.sailgarda.com\\\/garda\\\/wp-content\\\/uploads\\\/2021\\\/04\\\/europa-road-from-north.jpg\",\"datePublished\":\"2021-05-08T18:39:09+00:00\",\"dateModified\":\"2021-08-03T15:00:33+00:00\",\"breadcrumb\":{\"@id\":\"https:\\\/\\\/www.sailgarda.com\\\/garda\\\/it\\\/come-si-troviamo\\\/#breadcrumb\"},\"inLanguage\":\"it-IT\",\"potentialAction\":[{\"@type\":\"ReadAction\",\"target\":[\"https:\\\/\\\/www.sailgarda.com\\\/garda\\\/it\\\/come-si-troviamo\\\/\"]}]},{\"@type\":\"ImageObject\",\"inLanguage\":\"it-IT\",\"@id\":\"https:\\\/\\\/www.sailgarda.com\\\/garda\\\/it\\\/come-si-troviamo\\\/#primaryimage\",\"url\":\"https:\\\/\\\/www.sailgarda.com\\\/garda\\\/wp-content\\\/uploads\\\/2021\\\/04\\\/europa-road-from-north.jpg\",\"contentUrl\":\"https:\\\/\\\/www.sailgarda.com\\\/garda\\\/wp-content\\\/uploads\\\/2021\\\/04\\\/europa-road-from-north.jpg\"},{\"@type\":\"BreadcrumbList\",\"@id\":\"https:\\\/\\\/www.sailgarda.com\\\/garda\\\/it\\\/come-si-troviamo\\\/#breadcrumb\",\"itemListElement\":[{\"@type\":\"ListItem\",\"position\":1,\"name\":\"Home\",\"item\":\"https:\\\/\\\/www.sailgarda.com\\\/garda\\\/it\\\/\"},{\"@type\":\"ListItem\",\"position\":2,\"name\":\"Come trovarci\"}]},{\"@type\":\"WebSite\",\"@id\":\"https:\\\/\\\/www.sailgarda.com\\\/garda\\\/it\\\/#website\",\"url\":\"https:\\\/\\\/www.sailgarda.com\\\/garda\\\/it\\\/\",\"name\":\"Europa Surf and Sail 2021\",\"description\":\"Foiling hub and foiling courses\",\"publisher\":{\"@id\":\"https:\\\/\\\/www.sailgarda.com\\\/garda\\\/it\\\/#organization\"},\"potentialAction\":[{\"@type\":\"SearchAction\",\"target\":{\"@type\":\"EntryPoint\",\"urlTemplate\":\"https:\\\/\\\/www.sailgarda.com\\\/garda\\\/it\\\/?s={search_term_string}\"},\"query-input\":{\"@type\":\"PropertyValueSpecification\",\"valueRequired\":true,\"valueName\":\"search_term_string\"}}],\"inLanguage\":\"it-IT\"},{\"@type\":\"Organization\",\"@id\":\"https:\\\/\\\/www.sailgarda.com\\\/garda\\\/it\\\/#organization\",\"name\":\"Europa Surf and Sail\",\"url\":\"https:\\\/\\\/www.sailgarda.com\\\/garda\\\/it\\\/\",\"logo\":{\"@type\":\"ImageObject\",\"inLanguage\":\"it-IT\",\"@id\":\"https:\\\/\\\/www.sailgarda.com\\\/garda\\\/it\\\/#\\\/schema\\\/logo\\\/image\\\/\",\"url\":\"https:\\\/\\\/www.sailgarda.com\\\/garda\\\/wp-content\\\/uploads\\\/2021\\\/04\\\/cropped-ess-logonew.jpg\",\"contentUrl\":\"https:\\\/\\\/www.sailgarda.com\\\/garda\\\/wp-content\\\/uploads\\\/2021\\\/04\\\/cropped-ess-logonew.jpg\",\"width\":512,\"height\":512,\"caption\":\"Europa Surf and Sail\"},\"image\":{\"@id\":\"https:\\\/\\\/www.sailgarda.com\\\/garda\\\/it\\\/#\\\/schema\\\/logo\\\/image\\\/\"}}]}<\/script>\n<!-- \/ Yoast SEO plugin. -->","yoast_head_json":{"title":"Come trovarci - Europa Surf and Sail","robots":{"index":"index","follow":"follow","max-snippet":"max-snippet:-1","max-image-preview":"max-image-preview:large","max-video-preview":"max-video-preview:-1"},"canonical":"https:\/\/www.sailgarda.com\/garda\/it\/come-si-troviamo\/","og_locale":"it_IT","og_type":"article","og_title":"Come trovarci - Europa Surf and Sail","og_description":"Fraglia Vela Malcesine Presso la Fraglia Vela Malcesine (FVM) circa 4km a nord di Malcesine su via Gardesana Siamo un centro velico e di noleggio all&#8217;interno del rinomato Centro Velico di Malcesine (Fraglia Vela Malcesine). Ci concentriamo su corsi e noleggi per turisti dal Regno Unito, Italia e Germania. Offriamo corsi RYA e VDWS (federazione [&hellip;]","og_url":"https:\/\/www.sailgarda.com\/garda\/it\/come-si-troviamo\/","og_site_name":"Europa Surf and Sail","article_modified_time":"2021-08-03T15:00:33+00:00","og_image":[{"url":"https:\/\/www.sailgarda.com\/garda\/wp-content\/uploads\/2021\/04\/europa-road-from-north.jpg","type":"","width":"","height":""}],"twitter_card":"summary_large_image","twitter_misc":{"Tempo di lettura stimato":"3 minuti"},"schema":{"@context":"https:\/\/schema.org","@graph":[{"@type":"WebPage","@id":"https:\/\/www.sailgarda.com\/garda\/it\/come-si-troviamo\/","url":"https:\/\/www.sailgarda.com\/garda\/it\/come-si-troviamo\/","name":"Come trovarci - Europa Surf and Sail","isPartOf":{"@id":"https:\/\/www.sailgarda.com\/garda\/it\/#website"},"primaryImageOfPage":{"@id":"https:\/\/www.sailgarda.com\/garda\/it\/come-si-troviamo\/#primaryimage"},"image":{"@id":"https:\/\/www.sailgarda.com\/garda\/it\/come-si-troviamo\/#primaryimage"},"thumbnailUrl":"https:\/\/www.sailgarda.com\/garda\/wp-content\/uploads\/2021\/04\/europa-road-from-north.jpg","datePublished":"2021-05-08T18:39:09+00:00","dateModified":"2021-08-03T15:00:33+00:00","breadcrumb":{"@id":"https:\/\/www.sailgarda.com\/garda\/it\/come-si-troviamo\/#breadcrumb"},"inLanguage":"it-IT","potentialAction":[{"@type":"ReadAction","target":["https:\/\/www.sailgarda.com\/garda\/it\/come-si-troviamo\/"]}]},{"@type":"ImageObject","inLanguage":"it-IT","@id":"https:\/\/www.sailgarda.com\/garda\/it\/come-si-troviamo\/#primaryimage","url":"https:\/\/www.sailgarda.com\/garda\/wp-content\/uploads\/2021\/04\/europa-road-from-north.jpg","contentUrl":"https:\/\/www.sailgarda.com\/garda\/wp-content\/uploads\/2021\/04\/europa-road-from-north.jpg"},{"@type":"BreadcrumbList","@id":"https:\/\/www.sailgarda.com\/garda\/it\/come-si-troviamo\/#breadcrumb","itemListElement":[{"@type":"ListItem","position":1,"name":"Home","item":"https:\/\/www.sailgarda.com\/garda\/it\/"},{"@type":"ListItem","position":2,"name":"Come trovarci"}]},{"@type":"WebSite","@id":"https:\/\/www.sailgarda.com\/garda\/it\/#website","url":"https:\/\/www.sailgarda.com\/garda\/it\/","name":"Europa Surf and Sail 2021","description":"Foiling hub and foiling courses","publisher":{"@id":"https:\/\/www.sailgarda.com\/garda\/it\/#organization"},"potentialAction":[{"@type":"SearchAction","target":{"@type":"EntryPoint","urlTemplate":"https:\/\/www.sailgarda.com\/garda\/it\/?s={search_term_string}"},"query-input":{"@type":"PropertyValueSpecification","valueRequired":true,"valueName":"search_term_string"}}],"inLanguage":"it-IT"},{"@type":"Organization","@id":"https:\/\/www.sailgarda.com\/garda\/it\/#organization","name":"Europa Surf and Sail","url":"https:\/\/www.sailgarda.com\/garda\/it\/","logo":{"@type":"ImageObject","inLanguage":"it-IT","@id":"https:\/\/www.sailgarda.com\/garda\/it\/#\/schema\/logo\/image\/","url":"https:\/\/www.sailgarda.com\/garda\/wp-content\/uploads\/2021\/04\/cropped-ess-logonew.jpg","contentUrl":"https:\/\/www.sailgarda.com\/garda\/wp-content\/uploads\/2021\/04\/cropped-ess-logonew.jpg","width":512,"height":512,"caption":"Europa Surf and Sail"},"image":{"@id":"https:\/\/www.sailgarda.com\/garda\/it\/#\/schema\/logo\/image\/"}}]}},"_links":{"self":[{"href":"https:\/\/www.sailgarda.com\/garda\/it\/wp-json\/wp\/v2\/pages\/45482","targetHints":{"allow":["GET"]}}],"collection":[{"href":"https:\/\/www.sailgarda.com\/garda\/it\/wp-json\/wp\/v2\/pages"}],"about":[{"href":"https:\/\/www.sailgarda.com\/garda\/it\/wp-json\/wp\/v2\/types\/page"}],"author":[{"embeddable":true,"href":"https:\/\/www.sailgarda.com\/garda\/it\/wp-json\/wp\/v2\/users\/1"}],"replies":[{"embeddable":true,"href":"https:\/\/www.sailgarda.com\/garda\/it\/wp-json\/wp\/v2\/comments?post=45482"}],"version-history":[{"count":0,"href":"https:\/\/www.sailgarda.com\/garda\/it\/wp-json\/wp\/v2\/pages\/45482\/revisions"}],"wp:attachment":[{"href":"https:\/\/www.sailgarda.com\/garda\/it\/wp-json\/wp\/v2\/media?parent=45482"}],"curies":[{"name":"wp","href":"https:\/\/api.w.org\/{rel}","templated":true}]}}