{"id":41558,"date":"2021-04-27T14:52:34","date_gmt":"2021-04-27T12:52:34","guid":{"rendered":"https:\/\/www.sailgarda.com\/garda\/zona-nord-del-lago-di-garda\/"},"modified":"2021-08-01T14:40:45","modified_gmt":"2021-08-01T12:40:45","slug":"zona-nord-del-lago-di-garda","status":"publish","type":"page","link":"https:\/\/www.sailgarda.com\/garda\/it\/zona-nord-del-lago-di-garda\/","title":{"rendered":"Zona Nord del Lago di Garda"},"content":{"rendered":"<h3>Il paradiso degli sport acquatici <\/h3>\n<h2>Lago di Garda, Italia<\/h2>\n<p>Il lago di Garda \u00e8 situato ai piedi delle Dolomiti ed \u00e8 vicino alle citt\u00e0 di Verona, Venezia e Milano. E&#8217; il posto perfetto per appassionati velisti e windsurfisti, ma anche per ciclisti, amanti dell&#8217;arrampicata e degli sport all&#8217;aria aperta.<\/p>\n<p>\t\t\t<a href=\"https:\/\/www.sailgarda.com\/garda\/en\/finding-europa-surf-and-sail\/\" role=\"button\"><br \/>\n\t\t\t\t\t\tscopri il nostro centro velico<br \/>\n\t\t\t\t\t<\/a><\/p>\n<h3>l&#8217;Ora e Il Peler<\/h3>\n<p>rinomato per i suoi due venti termici, &#8216;l&#8217;Ora&#8217; e il &#8216;Peler&#8217;, il lago di Garda offre condizioni in grado di soddisfare velisti e windsurfisti di ogni livello. La caratteristica del Lago di Garda, rispetto ad altre localit\u00e0 ventose, \u00e8 che i venti termici, piuttosto che essere presenti solo in alcuni pomeriggi estivi, soffiano sempre tutto l&#8217;anno.<\/p>\n<p>Le temperature estive in questa parte d&#8217;Italia si aggirano fra i 24\u00b0 e 32\u00b0 gradi, sempre con un leggero venticello che rende il luogo fresco. La temperatura dell&#8217;acqua nei periodi caldi si aggira fra i 19\u00b0 e i 24\u00b0 gradi. Per uscire in acqua sono sufficienti pantaloncini, maglia in licra, antivento e giubbino di salvataggio. La mattina presto \u00e8 sufficiente indossare una muta corta finch\u00e8 non sorge il sole\n<\/p>\n<p>\t\t\t\t\t\t\t\t\t\t\t\t<img decoding=\"async\" width=\"1920\" height=\"768\" src=\"https:\/\/www.sailgarda.com\/garda\/wp-content\/uploads\/2021\/04\/lake-garda-sportboat.jpg\" alt=\"\" loading=\"lazy\" srcset=\"https:\/\/www.sailgarda.com\/garda\/wp-content\/uploads\/2021\/04\/lake-garda-sportboat.jpg 1920w, https:\/\/www.sailgarda.com\/garda\/wp-content\/uploads\/2021\/04\/lake-garda-sportboat-600x240.jpg 600w, https:\/\/www.sailgarda.com\/garda\/wp-content\/uploads\/2021\/04\/lake-garda-sportboat-768x307.jpg 768w, https:\/\/www.sailgarda.com\/garda\/wp-content\/uploads\/2021\/04\/lake-garda-sportboat-1536x614.jpg 1536w\" sizes=\"auto, (max-width: 1920px) 100vw, 1920px\" \/><br \/>\n\t\t\t\t\t\t\t\t\t\t\t\t<img decoding=\"async\" width=\"1920\" height=\"768\" src=\"https:\/\/www.sailgarda.com\/garda\/wp-content\/uploads\/2021\/04\/foiling-week-startline.jpg\" alt=\"\" loading=\"lazy\" srcset=\"https:\/\/www.sailgarda.com\/garda\/wp-content\/uploads\/2021\/04\/foiling-week-startline.jpg 1920w, https:\/\/www.sailgarda.com\/garda\/wp-content\/uploads\/2021\/04\/foiling-week-startline-600x240.jpg 600w, https:\/\/www.sailgarda.com\/garda\/wp-content\/uploads\/2021\/04\/foiling-week-startline-768x307.jpg 768w, https:\/\/www.sailgarda.com\/garda\/wp-content\/uploads\/2021\/04\/foiling-week-startline-1536x614.jpg 1536w\" sizes=\"auto, (max-width: 1920px) 100vw, 1920px\" \/>\t\t\t\t\t\t\t\t\t\t\t\t\t\t<\/p>\n<h3>Famoso per le regate e gli allenamenti<\/h3>\n<p>Il lago di Garda \u00e8 la casa di molti velisti e windsurfisti professionisti e Olimpionici, nonch\u00e8 la principale sede di allenamento di molte classi veliche, fra le quali SB20, H-boat, Melges e Esse. <\/p>\n<p>La temperature mite, l&#8217;acqua pulita, gli ampi spazi e i venti costanti attraggono tutte le maggiori flotte di velisti a livello europeo e mondiale come WASZP, MOTH, 49er, RS, Topper, 420, 470.<\/p>\n","protected":false},"excerpt":{"rendered":"<p>Il paradiso degli sport acquatici Lago di Garda, Italia Il lago di Garda \u00e8 situato ai piedi delle Dolomiti ed \u00e8 vicino alle citt\u00e0 di Verona, Venezia e Milano. E&#8217; il posto perfetto per appassionati velisti e windsurfisti, ma anche per ciclisti, amanti dell&#8217;arrampicata e degli sport all&#8217;aria aperta. scopri il nostro centro velico l&#8217;Ora [&hellip;]<\/p>\n","protected":false},"author":1,"featured_media":0,"parent":0,"menu_order":30,"comment_status":"closed","ping_status":"closed","template":"elementor_header_footer","meta":{"ocean_post_layout":"","ocean_both_sidebars_style":"","ocean_both_sidebars_content_width":0,"ocean_both_sidebars_sidebars_width":0,"ocean_sidebar":"","ocean_second_sidebar":"","ocean_disable_margins":"enable","ocean_add_body_class":"","ocean_shortcode_before_top_bar":"","ocean_shortcode_after_top_bar":"","ocean_shortcode_before_header":"","ocean_shortcode_after_header":"","ocean_has_shortcode":"","ocean_shortcode_after_title":"","ocean_shortcode_before_footer_widgets":"","ocean_shortcode_after_footer_widgets":"","ocean_shortcode_before_footer_bottom":"","ocean_shortcode_after_footer_bottom":"","ocean_display_top_bar":"default","ocean_display_header":"default","ocean_header_style":"","ocean_center_header_left_menu":"","ocean_custom_header_template":"","ocean_custom_logo":0,"ocean_custom_retina_logo":0,"ocean_custom_logo_max_width":0,"ocean_custom_logo_tablet_max_width":0,"ocean_custom_logo_mobile_max_width":0,"ocean_custom_logo_max_height":0,"ocean_custom_logo_tablet_max_height":0,"ocean_custom_logo_mobile_max_height":0,"ocean_header_custom_menu":"","ocean_menu_typo_font_family":"","ocean_menu_typo_font_subset":"","ocean_menu_typo_font_size":0,"ocean_menu_typo_font_size_tablet":0,"ocean_menu_typo_font_size_mobile":0,"ocean_menu_typo_font_size_unit":"px","ocean_menu_typo_font_weight":"","ocean_menu_typo_font_weight_tablet":"","ocean_menu_typo_font_weight_mobile":"","ocean_menu_typo_transform":"","ocean_menu_typo_transform_tablet":"","ocean_menu_typo_transform_mobile":"","ocean_menu_typo_line_height":0,"ocean_menu_typo_line_height_tablet":0,"ocean_menu_typo_line_height_mobile":0,"ocean_menu_typo_line_height_unit":"","ocean_menu_typo_spacing":0,"ocean_menu_typo_spacing_tablet":0,"ocean_menu_typo_spacing_mobile":0,"ocean_menu_typo_spacing_unit":"","ocean_menu_link_color":"","ocean_menu_link_color_hover":"","ocean_menu_link_color_active":"","ocean_menu_link_background":"","ocean_menu_link_hover_background":"","ocean_menu_link_active_background":"","ocean_menu_social_links_bg":"","ocean_menu_social_hover_links_bg":"","ocean_menu_social_links_color":"","ocean_menu_social_hover_links_color":"","ocean_disable_title":"default","ocean_disable_heading":"default","ocean_post_title":"","ocean_post_subheading":"","ocean_post_title_style":"","ocean_post_title_background_color":"","ocean_post_title_background":0,"ocean_post_title_bg_image_position":"","ocean_post_title_bg_image_attachment":"","ocean_post_title_bg_image_repeat":"","ocean_post_title_bg_image_size":"","ocean_post_title_height":0,"ocean_post_title_bg_overlay":0.5,"ocean_post_title_bg_overlay_color":"","ocean_disable_breadcrumbs":"default","ocean_breadcrumbs_color":"","ocean_breadcrumbs_separator_color":"","ocean_breadcrumbs_links_color":"","ocean_breadcrumbs_links_hover_color":"","ocean_display_footer_widgets":"default","ocean_display_footer_bottom":"default","ocean_custom_footer_template":"","footnotes":""},"class_list":["post-41558","page","type-page","status-publish","hentry","entry"],"yoast_head":"<!-- This site is optimized with the Yoast SEO plugin v27.6 - https:\/\/yoast.com\/product\/yoast-seo-wordpress\/ -->\n<title>Zona Nord del Lago di Garda - Europa Surf and Sail<\/title>\n<meta name=\"robots\" content=\"index, follow, max-snippet:-1, max-image-preview:large, max-video-preview:-1\" \/>\n<link rel=\"canonical\" href=\"https:\/\/www.sailgarda.com\/garda\/it\/zona-nord-del-lago-di-garda\/\" \/>\n<meta property=\"og:locale\" content=\"it_IT\" \/>\n<meta property=\"og:type\" content=\"article\" \/>\n<meta property=\"og:title\" content=\"Zona Nord del Lago di Garda - Europa Surf and Sail\" \/>\n<meta property=\"og:description\" content=\"Il paradiso degli sport acquatici Lago di Garda, Italia Il lago di Garda \u00e8 situato ai piedi delle Dolomiti ed \u00e8 vicino alle citt\u00e0 di Verona, Venezia e Milano. E&#8217; il posto perfetto per appassionati velisti e windsurfisti, ma anche per ciclisti, amanti dell&#8217;arrampicata e degli sport all&#8217;aria aperta. scopri il nostro centro velico l&#8217;Ora [&hellip;]\" \/>\n<meta property=\"og:url\" content=\"https:\/\/www.sailgarda.com\/garda\/it\/zona-nord-del-lago-di-garda\/\" \/>\n<meta property=\"og:site_name\" content=\"Europa Surf and Sail\" \/>\n<meta property=\"article:modified_time\" content=\"2021-08-01T12:40:45+00:00\" \/>\n<meta property=\"og:image\" content=\"https:\/\/www.sailgarda.com\/garda\/wp-content\/uploads\/2021\/04\/lake-garda-sportboat.jpg\" \/>\n<meta name=\"twitter:card\" content=\"summary_large_image\" \/>\n<meta name=\"twitter:label1\" content=\"Tempo di lettura stimato\" \/>\n\t<meta name=\"twitter:data1\" content=\"1 minuto\" \/>\n<script type=\"application\/ld+json\" class=\"yoast-schema-graph\">{\"@context\":\"https:\\\/\\\/schema.org\",\"@graph\":[{\"@type\":\"WebPage\",\"@id\":\"https:\\\/\\\/www.sailgarda.com\\\/garda\\\/it\\\/zona-nord-del-lago-di-garda\\\/\",\"url\":\"https:\\\/\\\/www.sailgarda.com\\\/garda\\\/it\\\/zona-nord-del-lago-di-garda\\\/\",\"name\":\"Zona Nord del Lago di Garda - Europa Surf and Sail\",\"isPartOf\":{\"@id\":\"https:\\\/\\\/www.sailgarda.com\\\/garda\\\/it\\\/#website\"},\"primaryImageOfPage\":{\"@id\":\"https:\\\/\\\/www.sailgarda.com\\\/garda\\\/it\\\/zona-nord-del-lago-di-garda\\\/#primaryimage\"},\"image\":{\"@id\":\"https:\\\/\\\/www.sailgarda.com\\\/garda\\\/it\\\/zona-nord-del-lago-di-garda\\\/#primaryimage\"},\"thumbnailUrl\":\"https:\\\/\\\/www.sailgarda.com\\\/garda\\\/wp-content\\\/uploads\\\/2021\\\/04\\\/lake-garda-sportboat.jpg\",\"datePublished\":\"2021-04-27T12:52:34+00:00\",\"dateModified\":\"2021-08-01T12:40:45+00:00\",\"breadcrumb\":{\"@id\":\"https:\\\/\\\/www.sailgarda.com\\\/garda\\\/it\\\/zona-nord-del-lago-di-garda\\\/#breadcrumb\"},\"inLanguage\":\"it-IT\",\"potentialAction\":[{\"@type\":\"ReadAction\",\"target\":[\"https:\\\/\\\/www.sailgarda.com\\\/garda\\\/it\\\/zona-nord-del-lago-di-garda\\\/\"]}]},{\"@type\":\"ImageObject\",\"inLanguage\":\"it-IT\",\"@id\":\"https:\\\/\\\/www.sailgarda.com\\\/garda\\\/it\\\/zona-nord-del-lago-di-garda\\\/#primaryimage\",\"url\":\"https:\\\/\\\/www.sailgarda.com\\\/garda\\\/wp-content\\\/uploads\\\/2021\\\/04\\\/lake-garda-sportboat.jpg\",\"contentUrl\":\"https:\\\/\\\/www.sailgarda.com\\\/garda\\\/wp-content\\\/uploads\\\/2021\\\/04\\\/lake-garda-sportboat.jpg\"},{\"@type\":\"BreadcrumbList\",\"@id\":\"https:\\\/\\\/www.sailgarda.com\\\/garda\\\/it\\\/zona-nord-del-lago-di-garda\\\/#breadcrumb\",\"itemListElement\":[{\"@type\":\"ListItem\",\"position\":1,\"name\":\"Home\",\"item\":\"https:\\\/\\\/www.sailgarda.com\\\/garda\\\/it\\\/\"},{\"@type\":\"ListItem\",\"position\":2,\"name\":\"Zona Nord del Lago di Garda\"}]},{\"@type\":\"WebSite\",\"@id\":\"https:\\\/\\\/www.sailgarda.com\\\/garda\\\/it\\\/#website\",\"url\":\"https:\\\/\\\/www.sailgarda.com\\\/garda\\\/it\\\/\",\"name\":\"Europa Surf and Sail 2021\",\"description\":\"Foiling hub and foiling courses\",\"publisher\":{\"@id\":\"https:\\\/\\\/www.sailgarda.com\\\/garda\\\/it\\\/#organization\"},\"potentialAction\":[{\"@type\":\"SearchAction\",\"target\":{\"@type\":\"EntryPoint\",\"urlTemplate\":\"https:\\\/\\\/www.sailgarda.com\\\/garda\\\/it\\\/?s={search_term_string}\"},\"query-input\":{\"@type\":\"PropertyValueSpecification\",\"valueRequired\":true,\"valueName\":\"search_term_string\"}}],\"inLanguage\":\"it-IT\"},{\"@type\":\"Organization\",\"@id\":\"https:\\\/\\\/www.sailgarda.com\\\/garda\\\/it\\\/#organization\",\"name\":\"Europa Surf and Sail\",\"url\":\"https:\\\/\\\/www.sailgarda.com\\\/garda\\\/it\\\/\",\"logo\":{\"@type\":\"ImageObject\",\"inLanguage\":\"it-IT\",\"@id\":\"https:\\\/\\\/www.sailgarda.com\\\/garda\\\/it\\\/#\\\/schema\\\/logo\\\/image\\\/\",\"url\":\"https:\\\/\\\/www.sailgarda.com\\\/garda\\\/wp-content\\\/uploads\\\/2021\\\/04\\\/cropped-ess-logonew.jpg\",\"contentUrl\":\"https:\\\/\\\/www.sailgarda.com\\\/garda\\\/wp-content\\\/uploads\\\/2021\\\/04\\\/cropped-ess-logonew.jpg\",\"width\":512,\"height\":512,\"caption\":\"Europa Surf and Sail\"},\"image\":{\"@id\":\"https:\\\/\\\/www.sailgarda.com\\\/garda\\\/it\\\/#\\\/schema\\\/logo\\\/image\\\/\"}}]}<\/script>\n<!-- \/ Yoast SEO plugin. -->","yoast_head_json":{"title":"Zona Nord del Lago di Garda - Europa Surf and Sail","robots":{"index":"index","follow":"follow","max-snippet":"max-snippet:-1","max-image-preview":"max-image-preview:large","max-video-preview":"max-video-preview:-1"},"canonical":"https:\/\/www.sailgarda.com\/garda\/it\/zona-nord-del-lago-di-garda\/","og_locale":"it_IT","og_type":"article","og_title":"Zona Nord del Lago di Garda - Europa Surf and Sail","og_description":"Il paradiso degli sport acquatici Lago di Garda, Italia Il lago di Garda \u00e8 situato ai piedi delle Dolomiti ed \u00e8 vicino alle citt\u00e0 di Verona, Venezia e Milano. E&#8217; il posto perfetto per appassionati velisti e windsurfisti, ma anche per ciclisti, amanti dell&#8217;arrampicata e degli sport all&#8217;aria aperta. scopri il nostro centro velico l&#8217;Ora [&hellip;]","og_url":"https:\/\/www.sailgarda.com\/garda\/it\/zona-nord-del-lago-di-garda\/","og_site_name":"Europa Surf and Sail","article_modified_time":"2021-08-01T12:40:45+00:00","og_image":[{"url":"https:\/\/www.sailgarda.com\/garda\/wp-content\/uploads\/2021\/04\/lake-garda-sportboat.jpg","type":"","width":"","height":""}],"twitter_card":"summary_large_image","twitter_misc":{"Tempo di lettura stimato":"1 minuto"},"schema":{"@context":"https:\/\/schema.org","@graph":[{"@type":"WebPage","@id":"https:\/\/www.sailgarda.com\/garda\/it\/zona-nord-del-lago-di-garda\/","url":"https:\/\/www.sailgarda.com\/garda\/it\/zona-nord-del-lago-di-garda\/","name":"Zona Nord del Lago di Garda - Europa Surf and Sail","isPartOf":{"@id":"https:\/\/www.sailgarda.com\/garda\/it\/#website"},"primaryImageOfPage":{"@id":"https:\/\/www.sailgarda.com\/garda\/it\/zona-nord-del-lago-di-garda\/#primaryimage"},"image":{"@id":"https:\/\/www.sailgarda.com\/garda\/it\/zona-nord-del-lago-di-garda\/#primaryimage"},"thumbnailUrl":"https:\/\/www.sailgarda.com\/garda\/wp-content\/uploads\/2021\/04\/lake-garda-sportboat.jpg","datePublished":"2021-04-27T12:52:34+00:00","dateModified":"2021-08-01T12:40:45+00:00","breadcrumb":{"@id":"https:\/\/www.sailgarda.com\/garda\/it\/zona-nord-del-lago-di-garda\/#breadcrumb"},"inLanguage":"it-IT","potentialAction":[{"@type":"ReadAction","target":["https:\/\/www.sailgarda.com\/garda\/it\/zona-nord-del-lago-di-garda\/"]}]},{"@type":"ImageObject","inLanguage":"it-IT","@id":"https:\/\/www.sailgarda.com\/garda\/it\/zona-nord-del-lago-di-garda\/#primaryimage","url":"https:\/\/www.sailgarda.com\/garda\/wp-content\/uploads\/2021\/04\/lake-garda-sportboat.jpg","contentUrl":"https:\/\/www.sailgarda.com\/garda\/wp-content\/uploads\/2021\/04\/lake-garda-sportboat.jpg"},{"@type":"BreadcrumbList","@id":"https:\/\/www.sailgarda.com\/garda\/it\/zona-nord-del-lago-di-garda\/#breadcrumb","itemListElement":[{"@type":"ListItem","position":1,"name":"Home","item":"https:\/\/www.sailgarda.com\/garda\/it\/"},{"@type":"ListItem","position":2,"name":"Zona Nord del Lago di Garda"}]},{"@type":"WebSite","@id":"https:\/\/www.sailgarda.com\/garda\/it\/#website","url":"https:\/\/www.sailgarda.com\/garda\/it\/","name":"Europa Surf and Sail 2021","description":"Foiling hub and foiling courses","publisher":{"@id":"https:\/\/www.sailgarda.com\/garda\/it\/#organization"},"potentialAction":[{"@type":"SearchAction","target":{"@type":"EntryPoint","urlTemplate":"https:\/\/www.sailgarda.com\/garda\/it\/?s={search_term_string}"},"query-input":{"@type":"PropertyValueSpecification","valueRequired":true,"valueName":"search_term_string"}}],"inLanguage":"it-IT"},{"@type":"Organization","@id":"https:\/\/www.sailgarda.com\/garda\/it\/#organization","name":"Europa Surf and Sail","url":"https:\/\/www.sailgarda.com\/garda\/it\/","logo":{"@type":"ImageObject","inLanguage":"it-IT","@id":"https:\/\/www.sailgarda.com\/garda\/it\/#\/schema\/logo\/image\/","url":"https:\/\/www.sailgarda.com\/garda\/wp-content\/uploads\/2021\/04\/cropped-ess-logonew.jpg","contentUrl":"https:\/\/www.sailgarda.com\/garda\/wp-content\/uploads\/2021\/04\/cropped-ess-logonew.jpg","width":512,"height":512,"caption":"Europa Surf and Sail"},"image":{"@id":"https:\/\/www.sailgarda.com\/garda\/it\/#\/schema\/logo\/image\/"}}]}},"_links":{"self":[{"href":"https:\/\/www.sailgarda.com\/garda\/it\/wp-json\/wp\/v2\/pages\/41558","targetHints":{"allow":["GET"]}}],"collection":[{"href":"https:\/\/www.sailgarda.com\/garda\/it\/wp-json\/wp\/v2\/pages"}],"about":[{"href":"https:\/\/www.sailgarda.com\/garda\/it\/wp-json\/wp\/v2\/types\/page"}],"author":[{"embeddable":true,"href":"https:\/\/www.sailgarda.com\/garda\/it\/wp-json\/wp\/v2\/users\/1"}],"replies":[{"embeddable":true,"href":"https:\/\/www.sailgarda.com\/garda\/it\/wp-json\/wp\/v2\/comments?post=41558"}],"version-history":[{"count":0,"href":"https:\/\/www.sailgarda.com\/garda\/it\/wp-json\/wp\/v2\/pages\/41558\/revisions"}],"wp:attachment":[{"href":"https:\/\/www.sailgarda.com\/garda\/it\/wp-json\/wp\/v2\/media?parent=41558"}],"curies":[{"name":"wp","href":"https:\/\/api.w.org\/{rel}","templated":true}]}}