{"id":46937,"date":"2021-05-15T13:37:12","date_gmt":"2021-05-15T11:37:12","guid":{"rendered":"https:\/\/www.sailgarda.com\/garda\/ess-wassersportzentrum-gardasee\/"},"modified":"2021-08-03T14:42:31","modified_gmt":"2021-08-03T12:42:31","slug":"ess-wassersportzentrum-gardasee","status":"publish","type":"page","link":"https:\/\/www.sailgarda.com\/garda\/de\/ess-wassersportzentrum-gardasee\/","title":{"rendered":"ESS Wassersportzentrum, Gardasee"},"content":{"rendered":"<h3>Freizeitsegeln, Kurse und Verleih <\/h3>\n<h2>Foiling, Windsurfen, Katamarane, Jollen, Kajaks und SUP<\/h2>\n<p>Wir sind ein Segel- und Vermietungszentrum im weltber\u00fchmten Malcesine Sailing Center (Fraglia Vela Malcesine), das sich auf Kurse und Vermietung an Urlauber und Gastsegler konzentriert. Wir bieten RYA- und VDWS-Kurse in Segeln und Windsurfen sowie eigene Folienkurse an.<\/p>\n<p>\t\t\t<a href=\"https:\/\/www.sailgarda.com\/garda\/de\/wo-finden-sie-uns\/\" role=\"button\"><br \/>\n\t\t\t\t\t\tAnfahrt<br \/>\n\t\t\t\t\t<\/a><\/p>\n<h3>Unser Angebot<\/h3>\n<p>Wind am Morgen und Nachmittag, sichere Parkpl\u00e4tze vor Ort, englisch-, italienisch- und deutschsprachiges Personal. Umkleide- und Duschm\u00f6glichkeiten und ein Restaurant. F\u00fcr Nichtsegler gibt es viel zu erleben und zu entdecken. <\/p>\n<ul>\n<li>\n\t\t\t\t\t\t\t\t\t\tFoiling WASZP, Laser, Windsurfen und Wingfoiling\n\t\t\t\t\t\t\t\t\t<\/li>\n<li>\n\t\t\t\t\t\t\t\t\t\tModerne Jollen und Katamarane\n\t\t\t\t\t\t\t\t\t<\/li>\n<li>\n\t\t\t\t\t\t\t\t\t\tStarboard Windsurfequipment\n\t\t\t\t\t\t\t\t\t<\/li>\n<li>\n\t\t\t\t\t\t\t\t\t\tKayaks und SUPs\n\t\t\t\t\t\t\t\t\t<\/li>\n<li>\n\t\t\t\t\t\t\t\t\t\tRYA und VDWS Kurse\n\t\t\t\t\t\t\t\t\t<\/li>\n<\/ul>\n<p>\t\t\t\t\t\t\t\t\t\t\t\t<img decoding=\"async\" width=\"1200\" height=\"597\" src=\"https:\/\/www.sailgarda.com\/garda\/wp-content\/uploads\/2021\/04\/104_0338.jpg\" alt=\"\" loading=\"lazy\" srcset=\"https:\/\/www.sailgarda.com\/garda\/wp-content\/uploads\/2021\/04\/104_0338.jpg 1200w, https:\/\/www.sailgarda.com\/garda\/wp-content\/uploads\/2021\/04\/104_0338-600x299.jpg 600w, https:\/\/www.sailgarda.com\/garda\/wp-content\/uploads\/2021\/04\/104_0338-768x382.jpg 768w\" sizes=\"auto, (max-width: 1200px) 100vw, 1200px\" \/><br \/>\n\t\t\t\t\t\t\t\t\t\t\t\t<img decoding=\"async\" width=\"1920\" height=\"768\" src=\"https:\/\/www.sailgarda.com\/garda\/wp-content\/uploads\/2021\/04\/europa-beach-view-south.jpg\" alt=\"\" loading=\"lazy\" srcset=\"https:\/\/www.sailgarda.com\/garda\/wp-content\/uploads\/2021\/04\/europa-beach-view-south.jpg 1920w, https:\/\/www.sailgarda.com\/garda\/wp-content\/uploads\/2021\/04\/europa-beach-view-south-600x240.jpg 600w, https:\/\/www.sailgarda.com\/garda\/wp-content\/uploads\/2021\/04\/europa-beach-view-south-768x307.jpg 768w, https:\/\/www.sailgarda.com\/garda\/wp-content\/uploads\/2021\/04\/europa-beach-view-south-1536x614.jpg 1536w\" sizes=\"auto, (max-width: 1920px) 100vw, 1920px\" \/>\t\t\t\t\t\t\t\t\t\t\t\t\t\t<\/p>\n<h3>Sitz im Segelzentrum Malcesine (FVM)<\/h3>\n<p>Wir sind die einzige RYA- und VDWS-Segelschule am Gardasee und sind f\u00fcr die Durchf\u00fchrung von Kursen in Jollensegeln, Katamaransegeln, Windsurfen, Kielboot und Motorboot zertifiziert. Wir bieten auch eigene Kurse an, die auf k\u00fcrzere Aufenthalte zugeschnitten sind, oder f\u00fcr diejenigen, die nicht die ganze Woche auf dem Wasser verbringen wollen. <\/p>\n<p>Wir befinden uns im eigens daf\u00fcr errichteten Segelzentrum von Malcesine, dem Fraglia Vela Malcesine (FVM), einem voll ausgestatteten Wassersportzentrum, das sowohl Seglern als auch Nichtseglern die M\u00f6glichkeit bietet, den See zu Fu\u00df, mit dem Fahrrad oder mit dem Bus zu erkunden.<\/p>\n<h2>Bei Uns<\/h2>\n<ul id=\"IG5ABojQ\">\n<li id=\"zfrf17y\"><a href=\"https:\/\/www.tripadvisor.co.uk\/\" target=\"_blank\" rel=\"noopener\"><img decoding=\"async\" src=\"https:\/\/www.tripadvisor.co.uk\/img\/cdsi\/img2\/branding\/150_logo-11900-2.png\" alt=\"TripAdvisor\"><\/a><\/li>\n<\/ul>\n<h2>Serendipity<\/h2>\n<p><strong><em>Europa Surf and Sail<\/em><\/strong> is a small, family run business which has been operating on Lake Garda since 1993. Now based at the Fraglia Vela Malcesine,near Navene, Charles and Alison Kinsley have extensive knowledge of the lake and its possibilities. They pride themselves on introducing their clients to the best of sailing, windsurfing, kayaking, biking and SUP. They are both surfers, windsurfers, sailors and bikers for more years than they wish to admit to and they bring this knowledge to bear on every aspect of your water and land sports including the selection of state-of-the-art equipment.<\/p>\n<p>For customers who want a more complete deal; with event booking, groups, accommodation or airport pickups, please contact our UK-registered company <a href=\"http:\/\/www.europaholidays.com\/\">Europa Holidays<\/a> before you travel so that we can plan a whole holiday for you and give you priority on equipment as well as extra services such as early morning windsurfing.<\/p>\n<h2>Kontaktiere uns<\/h2>\n<h5><a href=\"\">Telefon: + 39 338 605 3096<br \/>\n<\/a><\/h5>\n<h5><a href=\"mailto:%20info@sailgarda.com\">Email: info@sailgarda.com<\/a><\/h5>\n<h6><b>Strand<\/b><br \/>\npresso FVM<br \/>\nvia Gardesana 205<br \/>\nMalcesine (VR)<\/h6>\n<h6><b>B\u00fcro<\/b><br \/>\nvia di Mezzo 9<br \/>\n37018<br \/>\nMalcesine (VR)<\/h6>\n<h6>MON-SUN 09:00 &#8211; 18:00<\/h6>\n<p>\t\t\t\t\t<a target=\"_blank\" rel=\"noopener\"><br \/>\n\t\t\t\t\t\tFacebook-f<br \/>\n\t\t\t\t\t\t\t\t\t\t\t<\/a><br \/>\n\t\t\t\t\t<a target=\"_blank\" rel=\"noopener\"><br \/>\n\t\t\t\t\t\tTwitter<br \/>\n\t\t\t\t\t\t\t\t\t\t\t<\/a><br \/>\n\t\t\t\t\t<a target=\"_blank\" rel=\"noopener\"><br \/>\n\t\t\t\t\t\tGoogle-plus-g<br \/>\n\t\t\t\t\t\t\t\t\t\t\t<\/a><br \/>\n\t\t\t\t\t<a target=\"_blank\" rel=\"noopener\"><br \/>\n\t\t\t\t\t\tYoutube<br \/>\n\t\t\t\t\t\t\t\t\t\t\t<\/a><br \/>\n\t\t\t\t\t<a target=\"_blank\" rel=\"noopener\"><br \/>\n\t\t\t\t\t\tGithub<br \/>\n\t\t\t\t\t\t\t\t\t\t\t<\/a><br \/>\n\t\t[wpforms id=&#8220;48447&#8243;]<\/p>\n","protected":false},"excerpt":{"rendered":"<p>Freizeitsegeln, Kurse und Verleih Foiling, Windsurfen, Katamarane, Jollen, Kajaks und SUP Wir sind ein Segel- und Vermietungszentrum im weltber\u00fchmten Malcesine Sailing Center (Fraglia Vela Malcesine), das sich auf Kurse und Vermietung an Urlauber und Gastsegler konzentriert. Wir bieten RYA- und VDWS-Kurse in Segeln und Windsurfen sowie eigene Folienkurse an. Anfahrt Unser Angebot Wind am Morgen [&hellip;]<\/p>\n","protected":false},"author":1,"featured_media":0,"parent":0,"menu_order":5000,"comment_status":"closed","ping_status":"closed","template":"elementor_header_footer","meta":{"ocean_post_layout":"","ocean_both_sidebars_style":"","ocean_both_sidebars_content_width":0,"ocean_both_sidebars_sidebars_width":0,"ocean_sidebar":"0","ocean_second_sidebar":"0","ocean_disable_margins":"enable","ocean_add_body_class":"","ocean_shortcode_before_top_bar":"","ocean_shortcode_after_top_bar":"","ocean_shortcode_before_header":"","ocean_shortcode_after_header":"","ocean_has_shortcode":"","ocean_shortcode_after_title":"","ocean_shortcode_before_footer_widgets":"","ocean_shortcode_after_footer_widgets":"","ocean_shortcode_before_footer_bottom":"","ocean_shortcode_after_footer_bottom":"","ocean_display_top_bar":"default","ocean_display_header":"default","ocean_header_style":"","ocean_center_header_left_menu":"0","ocean_custom_header_template":"0","ocean_custom_logo":0,"ocean_custom_retina_logo":0,"ocean_custom_logo_max_width":0,"ocean_custom_logo_tablet_max_width":0,"ocean_custom_logo_mobile_max_width":0,"ocean_custom_logo_max_height":0,"ocean_custom_logo_tablet_max_height":0,"ocean_custom_logo_mobile_max_height":0,"ocean_header_custom_menu":"0","ocean_menu_typo_font_family":"0","ocean_menu_typo_font_subset":"","ocean_menu_typo_font_size":0,"ocean_menu_typo_font_size_tablet":0,"ocean_menu_typo_font_size_mobile":0,"ocean_menu_typo_font_size_unit":"px","ocean_menu_typo_font_weight":"","ocean_menu_typo_font_weight_tablet":"","ocean_menu_typo_font_weight_mobile":"","ocean_menu_typo_transform":"","ocean_menu_typo_transform_tablet":"","ocean_menu_typo_transform_mobile":"","ocean_menu_typo_line_height":0,"ocean_menu_typo_line_height_tablet":0,"ocean_menu_typo_line_height_mobile":0,"ocean_menu_typo_line_height_unit":"","ocean_menu_typo_spacing":0,"ocean_menu_typo_spacing_tablet":0,"ocean_menu_typo_spacing_mobile":0,"ocean_menu_typo_spacing_unit":"","ocean_menu_link_color":"","ocean_menu_link_color_hover":"","ocean_menu_link_color_active":"","ocean_menu_link_background":"","ocean_menu_link_hover_background":"","ocean_menu_link_active_background":"","ocean_menu_social_links_bg":"","ocean_menu_social_hover_links_bg":"","ocean_menu_social_links_color":"","ocean_menu_social_hover_links_color":"","ocean_disable_title":"default","ocean_disable_heading":"default","ocean_post_title":"","ocean_post_subheading":"","ocean_post_title_style":"","ocean_post_title_background_color":"","ocean_post_title_background":0,"ocean_post_title_bg_image_position":"","ocean_post_title_bg_image_attachment":"","ocean_post_title_bg_image_repeat":"","ocean_post_title_bg_image_size":"","ocean_post_title_height":0,"ocean_post_title_bg_overlay":0.5,"ocean_post_title_bg_overlay_color":"","ocean_disable_breadcrumbs":"default","ocean_breadcrumbs_color":"","ocean_breadcrumbs_separator_color":"","ocean_breadcrumbs_links_color":"","ocean_breadcrumbs_links_hover_color":"","ocean_display_footer_widgets":"default","ocean_display_footer_bottom":"default","ocean_custom_footer_template":"0","footnotes":""},"class_list":["post-46937","page","type-page","status-publish","hentry","entry"],"yoast_head":"<!-- This site is optimized with the Yoast SEO plugin v27.6 - https:\/\/yoast.com\/product\/yoast-seo-wordpress\/ -->\n<title>ESS Wassersportzentrum, Gardasee - Europa Surf and Sail<\/title>\n<meta name=\"robots\" content=\"index, follow, max-snippet:-1, max-image-preview:large, max-video-preview:-1\" \/>\n<link rel=\"canonical\" href=\"https:\/\/www.sailgarda.com\/garda\/de\/ess-wassersportzentrum-gardasee\/\" \/>\n<meta property=\"og:locale\" content=\"de_DE\" \/>\n<meta property=\"og:type\" content=\"article\" \/>\n<meta property=\"og:title\" content=\"ESS Wassersportzentrum, Gardasee - Europa Surf and Sail\" \/>\n<meta property=\"og:description\" content=\"Freizeitsegeln, Kurse und Verleih Foiling, Windsurfen, Katamarane, Jollen, Kajaks und SUP Wir sind ein Segel- und Vermietungszentrum im weltber\u00fchmten Malcesine Sailing Center (Fraglia Vela Malcesine), das sich auf Kurse und Vermietung an Urlauber und Gastsegler konzentriert. Wir bieten RYA- und VDWS-Kurse in Segeln und Windsurfen sowie eigene Folienkurse an. Anfahrt Unser Angebot Wind am Morgen [&hellip;]\" \/>\n<meta property=\"og:url\" content=\"https:\/\/www.sailgarda.com\/garda\/de\/ess-wassersportzentrum-gardasee\/\" \/>\n<meta property=\"og:site_name\" content=\"Europa Surf and Sail\" \/>\n<meta property=\"article:modified_time\" content=\"2021-08-03T12:42:31+00:00\" \/>\n<meta property=\"og:image\" content=\"https:\/\/www.sailgarda.com\/garda\/wp-content\/uploads\/2021\/04\/104_0338.jpg\" \/>\n<meta name=\"twitter:card\" content=\"summary_large_image\" \/>\n<meta name=\"twitter:label1\" content=\"Gesch\u00e4tzte Lesezeit\" \/>\n\t<meta name=\"twitter:data1\" content=\"2\u00a0Minuten\" \/>\n<script type=\"application\/ld+json\" class=\"yoast-schema-graph\">{\"@context\":\"https:\\\/\\\/schema.org\",\"@graph\":[{\"@type\":\"WebPage\",\"@id\":\"https:\\\/\\\/www.sailgarda.com\\\/garda\\\/de\\\/ess-wassersportzentrum-gardasee\\\/\",\"url\":\"https:\\\/\\\/www.sailgarda.com\\\/garda\\\/de\\\/ess-wassersportzentrum-gardasee\\\/\",\"name\":\"ESS Wassersportzentrum, Gardasee - Europa Surf and Sail\",\"isPartOf\":{\"@id\":\"https:\\\/\\\/www.sailgarda.com\\\/garda\\\/de\\\/#website\"},\"primaryImageOfPage\":{\"@id\":\"https:\\\/\\\/www.sailgarda.com\\\/garda\\\/de\\\/ess-wassersportzentrum-gardasee\\\/#primaryimage\"},\"image\":{\"@id\":\"https:\\\/\\\/www.sailgarda.com\\\/garda\\\/de\\\/ess-wassersportzentrum-gardasee\\\/#primaryimage\"},\"thumbnailUrl\":\"https:\\\/\\\/www.sailgarda.com\\\/garda\\\/wp-content\\\/uploads\\\/2021\\\/04\\\/104_0338.jpg\",\"datePublished\":\"2021-05-15T11:37:12+00:00\",\"dateModified\":\"2021-08-03T12:42:31+00:00\",\"breadcrumb\":{\"@id\":\"https:\\\/\\\/www.sailgarda.com\\\/garda\\\/de\\\/ess-wassersportzentrum-gardasee\\\/#breadcrumb\"},\"inLanguage\":\"de\",\"potentialAction\":[{\"@type\":\"ReadAction\",\"target\":[\"https:\\\/\\\/www.sailgarda.com\\\/garda\\\/de\\\/ess-wassersportzentrum-gardasee\\\/\"]}]},{\"@type\":\"ImageObject\",\"inLanguage\":\"de\",\"@id\":\"https:\\\/\\\/www.sailgarda.com\\\/garda\\\/de\\\/ess-wassersportzentrum-gardasee\\\/#primaryimage\",\"url\":\"https:\\\/\\\/www.sailgarda.com\\\/garda\\\/wp-content\\\/uploads\\\/2021\\\/04\\\/104_0338.jpg\",\"contentUrl\":\"https:\\\/\\\/www.sailgarda.com\\\/garda\\\/wp-content\\\/uploads\\\/2021\\\/04\\\/104_0338.jpg\"},{\"@type\":\"BreadcrumbList\",\"@id\":\"https:\\\/\\\/www.sailgarda.com\\\/garda\\\/de\\\/ess-wassersportzentrum-gardasee\\\/#breadcrumb\",\"itemListElement\":[{\"@type\":\"ListItem\",\"position\":1,\"name\":\"Home\",\"item\":\"https:\\\/\\\/www.sailgarda.com\\\/garda\\\/de\\\/\"},{\"@type\":\"ListItem\",\"position\":2,\"name\":\"ESS Wassersportzentrum, Gardasee\"}]},{\"@type\":\"WebSite\",\"@id\":\"https:\\\/\\\/www.sailgarda.com\\\/garda\\\/de\\\/#website\",\"url\":\"https:\\\/\\\/www.sailgarda.com\\\/garda\\\/de\\\/\",\"name\":\"Europa Surf and Sail 2021\",\"description\":\"Foiling hub and foiling courses\",\"publisher\":{\"@id\":\"https:\\\/\\\/www.sailgarda.com\\\/garda\\\/de\\\/#organization\"},\"potentialAction\":[{\"@type\":\"SearchAction\",\"target\":{\"@type\":\"EntryPoint\",\"urlTemplate\":\"https:\\\/\\\/www.sailgarda.com\\\/garda\\\/de\\\/?s={search_term_string}\"},\"query-input\":{\"@type\":\"PropertyValueSpecification\",\"valueRequired\":true,\"valueName\":\"search_term_string\"}}],\"inLanguage\":\"de\"},{\"@type\":\"Organization\",\"@id\":\"https:\\\/\\\/www.sailgarda.com\\\/garda\\\/de\\\/#organization\",\"name\":\"Europa Surf and Sail\",\"url\":\"https:\\\/\\\/www.sailgarda.com\\\/garda\\\/de\\\/\",\"logo\":{\"@type\":\"ImageObject\",\"inLanguage\":\"de\",\"@id\":\"https:\\\/\\\/www.sailgarda.com\\\/garda\\\/de\\\/#\\\/schema\\\/logo\\\/image\\\/\",\"url\":\"https:\\\/\\\/www.sailgarda.com\\\/garda\\\/wp-content\\\/uploads\\\/2021\\\/04\\\/cropped-ess-logonew.jpg\",\"contentUrl\":\"https:\\\/\\\/www.sailgarda.com\\\/garda\\\/wp-content\\\/uploads\\\/2021\\\/04\\\/cropped-ess-logonew.jpg\",\"width\":512,\"height\":512,\"caption\":\"Europa Surf and Sail\"},\"image\":{\"@id\":\"https:\\\/\\\/www.sailgarda.com\\\/garda\\\/de\\\/#\\\/schema\\\/logo\\\/image\\\/\"}}]}<\/script>\n<!-- \/ Yoast SEO plugin. -->","yoast_head_json":{"title":"ESS Wassersportzentrum, Gardasee - Europa Surf and Sail","robots":{"index":"index","follow":"follow","max-snippet":"max-snippet:-1","max-image-preview":"max-image-preview:large","max-video-preview":"max-video-preview:-1"},"canonical":"https:\/\/www.sailgarda.com\/garda\/de\/ess-wassersportzentrum-gardasee\/","og_locale":"de_DE","og_type":"article","og_title":"ESS Wassersportzentrum, Gardasee - Europa Surf and Sail","og_description":"Freizeitsegeln, Kurse und Verleih Foiling, Windsurfen, Katamarane, Jollen, Kajaks und SUP Wir sind ein Segel- und Vermietungszentrum im weltber\u00fchmten Malcesine Sailing Center (Fraglia Vela Malcesine), das sich auf Kurse und Vermietung an Urlauber und Gastsegler konzentriert. Wir bieten RYA- und VDWS-Kurse in Segeln und Windsurfen sowie eigene Folienkurse an. Anfahrt Unser Angebot Wind am Morgen [&hellip;]","og_url":"https:\/\/www.sailgarda.com\/garda\/de\/ess-wassersportzentrum-gardasee\/","og_site_name":"Europa Surf and Sail","article_modified_time":"2021-08-03T12:42:31+00:00","og_image":[{"url":"https:\/\/www.sailgarda.com\/garda\/wp-content\/uploads\/2021\/04\/104_0338.jpg","type":"","width":"","height":""}],"twitter_card":"summary_large_image","twitter_misc":{"Gesch\u00e4tzte Lesezeit":"2\u00a0Minuten"},"schema":{"@context":"https:\/\/schema.org","@graph":[{"@type":"WebPage","@id":"https:\/\/www.sailgarda.com\/garda\/de\/ess-wassersportzentrum-gardasee\/","url":"https:\/\/www.sailgarda.com\/garda\/de\/ess-wassersportzentrum-gardasee\/","name":"ESS Wassersportzentrum, Gardasee - Europa Surf and Sail","isPartOf":{"@id":"https:\/\/www.sailgarda.com\/garda\/de\/#website"},"primaryImageOfPage":{"@id":"https:\/\/www.sailgarda.com\/garda\/de\/ess-wassersportzentrum-gardasee\/#primaryimage"},"image":{"@id":"https:\/\/www.sailgarda.com\/garda\/de\/ess-wassersportzentrum-gardasee\/#primaryimage"},"thumbnailUrl":"https:\/\/www.sailgarda.com\/garda\/wp-content\/uploads\/2021\/04\/104_0338.jpg","datePublished":"2021-05-15T11:37:12+00:00","dateModified":"2021-08-03T12:42:31+00:00","breadcrumb":{"@id":"https:\/\/www.sailgarda.com\/garda\/de\/ess-wassersportzentrum-gardasee\/#breadcrumb"},"inLanguage":"de","potentialAction":[{"@type":"ReadAction","target":["https:\/\/www.sailgarda.com\/garda\/de\/ess-wassersportzentrum-gardasee\/"]}]},{"@type":"ImageObject","inLanguage":"de","@id":"https:\/\/www.sailgarda.com\/garda\/de\/ess-wassersportzentrum-gardasee\/#primaryimage","url":"https:\/\/www.sailgarda.com\/garda\/wp-content\/uploads\/2021\/04\/104_0338.jpg","contentUrl":"https:\/\/www.sailgarda.com\/garda\/wp-content\/uploads\/2021\/04\/104_0338.jpg"},{"@type":"BreadcrumbList","@id":"https:\/\/www.sailgarda.com\/garda\/de\/ess-wassersportzentrum-gardasee\/#breadcrumb","itemListElement":[{"@type":"ListItem","position":1,"name":"Home","item":"https:\/\/www.sailgarda.com\/garda\/de\/"},{"@type":"ListItem","position":2,"name":"ESS Wassersportzentrum, Gardasee"}]},{"@type":"WebSite","@id":"https:\/\/www.sailgarda.com\/garda\/de\/#website","url":"https:\/\/www.sailgarda.com\/garda\/de\/","name":"Europa Surf and Sail 2021","description":"Foiling hub and foiling courses","publisher":{"@id":"https:\/\/www.sailgarda.com\/garda\/de\/#organization"},"potentialAction":[{"@type":"SearchAction","target":{"@type":"EntryPoint","urlTemplate":"https:\/\/www.sailgarda.com\/garda\/de\/?s={search_term_string}"},"query-input":{"@type":"PropertyValueSpecification","valueRequired":true,"valueName":"search_term_string"}}],"inLanguage":"de"},{"@type":"Organization","@id":"https:\/\/www.sailgarda.com\/garda\/de\/#organization","name":"Europa Surf and Sail","url":"https:\/\/www.sailgarda.com\/garda\/de\/","logo":{"@type":"ImageObject","inLanguage":"de","@id":"https:\/\/www.sailgarda.com\/garda\/de\/#\/schema\/logo\/image\/","url":"https:\/\/www.sailgarda.com\/garda\/wp-content\/uploads\/2021\/04\/cropped-ess-logonew.jpg","contentUrl":"https:\/\/www.sailgarda.com\/garda\/wp-content\/uploads\/2021\/04\/cropped-ess-logonew.jpg","width":512,"height":512,"caption":"Europa Surf and Sail"},"image":{"@id":"https:\/\/www.sailgarda.com\/garda\/de\/#\/schema\/logo\/image\/"}}]}},"_links":{"self":[{"href":"https:\/\/www.sailgarda.com\/garda\/de\/wp-json\/wp\/v2\/pages\/46937","targetHints":{"allow":["GET"]}}],"collection":[{"href":"https:\/\/www.sailgarda.com\/garda\/de\/wp-json\/wp\/v2\/pages"}],"about":[{"href":"https:\/\/www.sailgarda.com\/garda\/de\/wp-json\/wp\/v2\/types\/page"}],"author":[{"embeddable":true,"href":"https:\/\/www.sailgarda.com\/garda\/de\/wp-json\/wp\/v2\/users\/1"}],"replies":[{"embeddable":true,"href":"https:\/\/www.sailgarda.com\/garda\/de\/wp-json\/wp\/v2\/comments?post=46937"}],"version-history":[{"count":0,"href":"https:\/\/www.sailgarda.com\/garda\/de\/wp-json\/wp\/v2\/pages\/46937\/revisions"}],"wp:attachment":[{"href":"https:\/\/www.sailgarda.com\/garda\/de\/wp-json\/wp\/v2\/media?parent=46937"}],"curies":[{"name":"wp","href":"https:\/\/api.w.org\/{rel}","templated":true}]}}