{"id":46916,"date":"2021-05-15T13:23:50","date_gmt":"2021-05-15T11:23:50","guid":{"rendered":"https:\/\/www.sailgarda.com\/garda\/nord-von-gardasee\/"},"modified":"2021-08-02T16:48:37","modified_gmt":"2021-08-02T14:48:37","slug":"nord-von-gardasee","status":"publish","type":"page","link":"https:\/\/www.sailgarda.com\/garda\/de\/nord-von-gardasee\/","title":{"rendered":"Nord von Gardasee"},"content":{"rendered":"<h3>Wassersportparadies <\/h3>\n<h2>Gardasee, Italien<\/h2>\n<p>Der Gardasee liegt in den Ausl\u00e4ufern der Dolomiten, in der N\u00e4he der Alpen und der St\u00e4dte Verona, Venedig und Mailand. Er ist ein idealer Ort f\u00fcr leidenschaftliche Segler und Windsurfer, aber auch f\u00fcr Mountainbiker, Kletterer und Fans aller anderen Outdoor-Sportarten.<\/p>\n<p>\t\t\t<a href=\"https:\/\/www.sailgarda.com\/garda\/de\/wo-finden-sie-uns\/\" role=\"button\"><br \/>\n\t\t\t\t\t\tZum Wassersportzentrum<br \/>\n\t\t\t\t\t<\/a><\/p>\n<h3>l&#8217;Ora e Il Peler<\/h3>\n<p>Der Gardasee ist bekannt f\u00fcr seine zwei thermischen Winde, die &#8222;Ora&#8220; und den &#8222;Peler&#8220;, und bietet Bedingungen, die f\u00fcr jeden Segler oder Windsurfer geeignet sind. Im Gegensatz zu den meisten anderen thermischen Regionen, in denen der Wind nur an einigen Sommernachmittagen aufkommt, wehen diese Winde das ganze Jahr \u00fcber.<\/p>\n<p>Die sommerlichen Temperaturen in diesem Teil Italiens liegen zwischen 24\u00b0c und 32\u00b0c, wobei die Brise f\u00fcr Abk\u00fchlung sorgt. Badehose, ein Shirt und eine Schwimmweste sind alles, was man zum Segeln bei Wassertemperaturen zwischen 19\u00b0c und 24\u00b0c braucht. In den fr\u00fchen Morgenstunden ist ein Shortie n\u00fctzlich, bis die Sonne vollst\u00e4ndig aufgegangen ist.\n<\/p>\n<p>\t\t\t\t\t\t\t\t\t\t\t\t<img decoding=\"async\" width=\"1920\" height=\"768\" src=\"https:\/\/www.sailgarda.com\/garda\/wp-content\/uploads\/2021\/04\/lake-garda-sportboat.jpg\" alt=\"\" loading=\"lazy\" srcset=\"https:\/\/www.sailgarda.com\/garda\/wp-content\/uploads\/2021\/04\/lake-garda-sportboat.jpg 1920w, https:\/\/www.sailgarda.com\/garda\/wp-content\/uploads\/2021\/04\/lake-garda-sportboat-600x240.jpg 600w, https:\/\/www.sailgarda.com\/garda\/wp-content\/uploads\/2021\/04\/lake-garda-sportboat-768x307.jpg 768w, https:\/\/www.sailgarda.com\/garda\/wp-content\/uploads\/2021\/04\/lake-garda-sportboat-1536x614.jpg 1536w\" sizes=\"auto, (max-width: 1920px) 100vw, 1920px\" \/><br \/>\n\t\t\t\t\t\t\t\t\t\t\t\t<img decoding=\"async\" width=\"1920\" height=\"768\" src=\"https:\/\/www.sailgarda.com\/garda\/wp-content\/uploads\/2021\/04\/foiling-week-startline.jpg\" alt=\"\" loading=\"lazy\" srcset=\"https:\/\/www.sailgarda.com\/garda\/wp-content\/uploads\/2021\/04\/foiling-week-startline.jpg 1920w, https:\/\/www.sailgarda.com\/garda\/wp-content\/uploads\/2021\/04\/foiling-week-startline-600x240.jpg 600w, https:\/\/www.sailgarda.com\/garda\/wp-content\/uploads\/2021\/04\/foiling-week-startline-768x307.jpg 768w, https:\/\/www.sailgarda.com\/garda\/wp-content\/uploads\/2021\/04\/foiling-week-startline-1536x614.jpg 1536w\" sizes=\"auto, (max-width: 1920px) 100vw, 1920px\" \/>\t\t\t\t\t\t\t\t\t\t\t\t\t\t<\/p>\n<h3>Ber\u00fchmt f\u00fcr Regatten und Trainings<\/h3>\n<p>Der Gardasee ist die Heimat vieler aktiver olympischer und professioneller Segler und Windsurfer sowie fr\u00fcherer Medaillengewinner. Au\u00dferdem ist er ein beliebtes Trainingsrevier f\u00fcr gro\u00dfe Sportbootklassen wie SB20, H-Boot, Melges und Esse. <\/p>\n<p>Das warme Wetter, das saubere Wasser, die weiten Fl\u00e4chen und die verl\u00e4sslichen Winde ziehen alle gro\u00dfen Jollenflotten f\u00fcr Europa- und Weltmeisterschaften an, z. B. WASZP, MOTH, 49er, RS, Topper, 420, 470.<\/p>\n","protected":false},"excerpt":{"rendered":"<p>Wassersportparadies Gardasee, Italien Der Gardasee liegt in den Ausl\u00e4ufern der Dolomiten, in der N\u00e4he der Alpen und der St\u00e4dte Verona, Venedig und Mailand. Er ist ein idealer Ort f\u00fcr leidenschaftliche Segler und Windsurfer, aber auch f\u00fcr Mountainbiker, Kletterer und Fans aller anderen Outdoor-Sportarten. Zum Wassersportzentrum l&#8217;Ora e Il Peler Der Gardasee ist bekannt f\u00fcr seine [&hellip;]<\/p>\n","protected":false},"author":1,"featured_media":0,"parent":0,"menu_order":30,"comment_status":"closed","ping_status":"closed","template":"elementor_header_footer","meta":{"ocean_post_layout":"","ocean_both_sidebars_style":"","ocean_both_sidebars_content_width":0,"ocean_both_sidebars_sidebars_width":0,"ocean_sidebar":"","ocean_second_sidebar":"","ocean_disable_margins":"enable","ocean_add_body_class":"","ocean_shortcode_before_top_bar":"","ocean_shortcode_after_top_bar":"","ocean_shortcode_before_header":"","ocean_shortcode_after_header":"","ocean_has_shortcode":"","ocean_shortcode_after_title":"","ocean_shortcode_before_footer_widgets":"","ocean_shortcode_after_footer_widgets":"","ocean_shortcode_before_footer_bottom":"","ocean_shortcode_after_footer_bottom":"","ocean_display_top_bar":"default","ocean_display_header":"default","ocean_header_style":"","ocean_center_header_left_menu":"","ocean_custom_header_template":"","ocean_custom_logo":0,"ocean_custom_retina_logo":0,"ocean_custom_logo_max_width":0,"ocean_custom_logo_tablet_max_width":0,"ocean_custom_logo_mobile_max_width":0,"ocean_custom_logo_max_height":0,"ocean_custom_logo_tablet_max_height":0,"ocean_custom_logo_mobile_max_height":0,"ocean_header_custom_menu":"","ocean_menu_typo_font_family":"","ocean_menu_typo_font_subset":"","ocean_menu_typo_font_size":0,"ocean_menu_typo_font_size_tablet":0,"ocean_menu_typo_font_size_mobile":0,"ocean_menu_typo_font_size_unit":"px","ocean_menu_typo_font_weight":"","ocean_menu_typo_font_weight_tablet":"","ocean_menu_typo_font_weight_mobile":"","ocean_menu_typo_transform":"","ocean_menu_typo_transform_tablet":"","ocean_menu_typo_transform_mobile":"","ocean_menu_typo_line_height":0,"ocean_menu_typo_line_height_tablet":0,"ocean_menu_typo_line_height_mobile":0,"ocean_menu_typo_line_height_unit":"","ocean_menu_typo_spacing":0,"ocean_menu_typo_spacing_tablet":0,"ocean_menu_typo_spacing_mobile":0,"ocean_menu_typo_spacing_unit":"","ocean_menu_link_color":"","ocean_menu_link_color_hover":"","ocean_menu_link_color_active":"","ocean_menu_link_background":"","ocean_menu_link_hover_background":"","ocean_menu_link_active_background":"","ocean_menu_social_links_bg":"","ocean_menu_social_hover_links_bg":"","ocean_menu_social_links_color":"","ocean_menu_social_hover_links_color":"","ocean_disable_title":"default","ocean_disable_heading":"default","ocean_post_title":"","ocean_post_subheading":"","ocean_post_title_style":"","ocean_post_title_background_color":"","ocean_post_title_background":0,"ocean_post_title_bg_image_position":"","ocean_post_title_bg_image_attachment":"","ocean_post_title_bg_image_repeat":"","ocean_post_title_bg_image_size":"","ocean_post_title_height":0,"ocean_post_title_bg_overlay":0.5,"ocean_post_title_bg_overlay_color":"","ocean_disable_breadcrumbs":"default","ocean_breadcrumbs_color":"","ocean_breadcrumbs_separator_color":"","ocean_breadcrumbs_links_color":"","ocean_breadcrumbs_links_hover_color":"","ocean_display_footer_widgets":"default","ocean_display_footer_bottom":"default","ocean_custom_footer_template":"","footnotes":""},"class_list":["post-46916","page","type-page","status-publish","hentry","entry"],"yoast_head":"<!-- This site is optimized with the Yoast SEO plugin v27.6 - https:\/\/yoast.com\/product\/yoast-seo-wordpress\/ -->\n<title>Nord von Gardasee - Europa Surf and Sail<\/title>\n<meta name=\"robots\" content=\"index, follow, max-snippet:-1, max-image-preview:large, max-video-preview:-1\" \/>\n<link rel=\"canonical\" href=\"https:\/\/www.sailgarda.com\/garda\/de\/nord-von-gardasee\/\" \/>\n<meta property=\"og:locale\" content=\"de_DE\" \/>\n<meta property=\"og:type\" content=\"article\" \/>\n<meta property=\"og:title\" content=\"Nord von Gardasee - Europa Surf and Sail\" \/>\n<meta property=\"og:description\" content=\"Wassersportparadies Gardasee, Italien Der Gardasee liegt in den Ausl\u00e4ufern der Dolomiten, in der N\u00e4he der Alpen und der St\u00e4dte Verona, Venedig und Mailand. Er ist ein idealer Ort f\u00fcr leidenschaftliche Segler und Windsurfer, aber auch f\u00fcr Mountainbiker, Kletterer und Fans aller anderen Outdoor-Sportarten. Zum Wassersportzentrum l&#8217;Ora e Il Peler Der Gardasee ist bekannt f\u00fcr seine [&hellip;]\" \/>\n<meta property=\"og:url\" content=\"https:\/\/www.sailgarda.com\/garda\/de\/nord-von-gardasee\/\" \/>\n<meta property=\"og:site_name\" content=\"Europa Surf and Sail\" \/>\n<meta property=\"article:modified_time\" content=\"2021-08-02T14:48:37+00:00\" \/>\n<meta property=\"og:image\" content=\"https:\/\/www.sailgarda.com\/garda\/wp-content\/uploads\/2021\/04\/lake-garda-sportboat.jpg\" \/>\n<meta name=\"twitter:card\" content=\"summary_large_image\" \/>\n<meta name=\"twitter:label1\" content=\"Gesch\u00e4tzte Lesezeit\" \/>\n\t<meta name=\"twitter:data1\" content=\"1\u00a0Minute\" \/>\n<script type=\"application\/ld+json\" class=\"yoast-schema-graph\">{\"@context\":\"https:\\\/\\\/schema.org\",\"@graph\":[{\"@type\":\"WebPage\",\"@id\":\"https:\\\/\\\/www.sailgarda.com\\\/garda\\\/de\\\/nord-von-gardasee\\\/\",\"url\":\"https:\\\/\\\/www.sailgarda.com\\\/garda\\\/de\\\/nord-von-gardasee\\\/\",\"name\":\"Nord von Gardasee - Europa Surf and Sail\",\"isPartOf\":{\"@id\":\"https:\\\/\\\/www.sailgarda.com\\\/garda\\\/de\\\/#website\"},\"primaryImageOfPage\":{\"@id\":\"https:\\\/\\\/www.sailgarda.com\\\/garda\\\/de\\\/nord-von-gardasee\\\/#primaryimage\"},\"image\":{\"@id\":\"https:\\\/\\\/www.sailgarda.com\\\/garda\\\/de\\\/nord-von-gardasee\\\/#primaryimage\"},\"thumbnailUrl\":\"https:\\\/\\\/www.sailgarda.com\\\/garda\\\/wp-content\\\/uploads\\\/2021\\\/04\\\/lake-garda-sportboat.jpg\",\"datePublished\":\"2021-05-15T11:23:50+00:00\",\"dateModified\":\"2021-08-02T14:48:37+00:00\",\"breadcrumb\":{\"@id\":\"https:\\\/\\\/www.sailgarda.com\\\/garda\\\/de\\\/nord-von-gardasee\\\/#breadcrumb\"},\"inLanguage\":\"de\",\"potentialAction\":[{\"@type\":\"ReadAction\",\"target\":[\"https:\\\/\\\/www.sailgarda.com\\\/garda\\\/de\\\/nord-von-gardasee\\\/\"]}]},{\"@type\":\"ImageObject\",\"inLanguage\":\"de\",\"@id\":\"https:\\\/\\\/www.sailgarda.com\\\/garda\\\/de\\\/nord-von-gardasee\\\/#primaryimage\",\"url\":\"https:\\\/\\\/www.sailgarda.com\\\/garda\\\/wp-content\\\/uploads\\\/2021\\\/04\\\/lake-garda-sportboat.jpg\",\"contentUrl\":\"https:\\\/\\\/www.sailgarda.com\\\/garda\\\/wp-content\\\/uploads\\\/2021\\\/04\\\/lake-garda-sportboat.jpg\"},{\"@type\":\"BreadcrumbList\",\"@id\":\"https:\\\/\\\/www.sailgarda.com\\\/garda\\\/de\\\/nord-von-gardasee\\\/#breadcrumb\",\"itemListElement\":[{\"@type\":\"ListItem\",\"position\":1,\"name\":\"Home\",\"item\":\"https:\\\/\\\/www.sailgarda.com\\\/garda\\\/de\\\/\"},{\"@type\":\"ListItem\",\"position\":2,\"name\":\"Nord von Gardasee\"}]},{\"@type\":\"WebSite\",\"@id\":\"https:\\\/\\\/www.sailgarda.com\\\/garda\\\/de\\\/#website\",\"url\":\"https:\\\/\\\/www.sailgarda.com\\\/garda\\\/de\\\/\",\"name\":\"Europa Surf and Sail 2021\",\"description\":\"Foiling hub and foiling courses\",\"publisher\":{\"@id\":\"https:\\\/\\\/www.sailgarda.com\\\/garda\\\/de\\\/#organization\"},\"potentialAction\":[{\"@type\":\"SearchAction\",\"target\":{\"@type\":\"EntryPoint\",\"urlTemplate\":\"https:\\\/\\\/www.sailgarda.com\\\/garda\\\/de\\\/?s={search_term_string}\"},\"query-input\":{\"@type\":\"PropertyValueSpecification\",\"valueRequired\":true,\"valueName\":\"search_term_string\"}}],\"inLanguage\":\"de\"},{\"@type\":\"Organization\",\"@id\":\"https:\\\/\\\/www.sailgarda.com\\\/garda\\\/de\\\/#organization\",\"name\":\"Europa Surf and Sail\",\"url\":\"https:\\\/\\\/www.sailgarda.com\\\/garda\\\/de\\\/\",\"logo\":{\"@type\":\"ImageObject\",\"inLanguage\":\"de\",\"@id\":\"https:\\\/\\\/www.sailgarda.com\\\/garda\\\/de\\\/#\\\/schema\\\/logo\\\/image\\\/\",\"url\":\"https:\\\/\\\/www.sailgarda.com\\\/garda\\\/wp-content\\\/uploads\\\/2021\\\/04\\\/cropped-ess-logonew.jpg\",\"contentUrl\":\"https:\\\/\\\/www.sailgarda.com\\\/garda\\\/wp-content\\\/uploads\\\/2021\\\/04\\\/cropped-ess-logonew.jpg\",\"width\":512,\"height\":512,\"caption\":\"Europa Surf and Sail\"},\"image\":{\"@id\":\"https:\\\/\\\/www.sailgarda.com\\\/garda\\\/de\\\/#\\\/schema\\\/logo\\\/image\\\/\"}}]}<\/script>\n<!-- \/ Yoast SEO plugin. -->","yoast_head_json":{"title":"Nord von Gardasee - Europa Surf and Sail","robots":{"index":"index","follow":"follow","max-snippet":"max-snippet:-1","max-image-preview":"max-image-preview:large","max-video-preview":"max-video-preview:-1"},"canonical":"https:\/\/www.sailgarda.com\/garda\/de\/nord-von-gardasee\/","og_locale":"de_DE","og_type":"article","og_title":"Nord von Gardasee - Europa Surf and Sail","og_description":"Wassersportparadies Gardasee, Italien Der Gardasee liegt in den Ausl\u00e4ufern der Dolomiten, in der N\u00e4he der Alpen und der St\u00e4dte Verona, Venedig und Mailand. Er ist ein idealer Ort f\u00fcr leidenschaftliche Segler und Windsurfer, aber auch f\u00fcr Mountainbiker, Kletterer und Fans aller anderen Outdoor-Sportarten. Zum Wassersportzentrum l&#8217;Ora e Il Peler Der Gardasee ist bekannt f\u00fcr seine [&hellip;]","og_url":"https:\/\/www.sailgarda.com\/garda\/de\/nord-von-gardasee\/","og_site_name":"Europa Surf and Sail","article_modified_time":"2021-08-02T14:48:37+00:00","og_image":[{"url":"https:\/\/www.sailgarda.com\/garda\/wp-content\/uploads\/2021\/04\/lake-garda-sportboat.jpg","type":"","width":"","height":""}],"twitter_card":"summary_large_image","twitter_misc":{"Gesch\u00e4tzte Lesezeit":"1\u00a0Minute"},"schema":{"@context":"https:\/\/schema.org","@graph":[{"@type":"WebPage","@id":"https:\/\/www.sailgarda.com\/garda\/de\/nord-von-gardasee\/","url":"https:\/\/www.sailgarda.com\/garda\/de\/nord-von-gardasee\/","name":"Nord von Gardasee - Europa Surf and Sail","isPartOf":{"@id":"https:\/\/www.sailgarda.com\/garda\/de\/#website"},"primaryImageOfPage":{"@id":"https:\/\/www.sailgarda.com\/garda\/de\/nord-von-gardasee\/#primaryimage"},"image":{"@id":"https:\/\/www.sailgarda.com\/garda\/de\/nord-von-gardasee\/#primaryimage"},"thumbnailUrl":"https:\/\/www.sailgarda.com\/garda\/wp-content\/uploads\/2021\/04\/lake-garda-sportboat.jpg","datePublished":"2021-05-15T11:23:50+00:00","dateModified":"2021-08-02T14:48:37+00:00","breadcrumb":{"@id":"https:\/\/www.sailgarda.com\/garda\/de\/nord-von-gardasee\/#breadcrumb"},"inLanguage":"de","potentialAction":[{"@type":"ReadAction","target":["https:\/\/www.sailgarda.com\/garda\/de\/nord-von-gardasee\/"]}]},{"@type":"ImageObject","inLanguage":"de","@id":"https:\/\/www.sailgarda.com\/garda\/de\/nord-von-gardasee\/#primaryimage","url":"https:\/\/www.sailgarda.com\/garda\/wp-content\/uploads\/2021\/04\/lake-garda-sportboat.jpg","contentUrl":"https:\/\/www.sailgarda.com\/garda\/wp-content\/uploads\/2021\/04\/lake-garda-sportboat.jpg"},{"@type":"BreadcrumbList","@id":"https:\/\/www.sailgarda.com\/garda\/de\/nord-von-gardasee\/#breadcrumb","itemListElement":[{"@type":"ListItem","position":1,"name":"Home","item":"https:\/\/www.sailgarda.com\/garda\/de\/"},{"@type":"ListItem","position":2,"name":"Nord von Gardasee"}]},{"@type":"WebSite","@id":"https:\/\/www.sailgarda.com\/garda\/de\/#website","url":"https:\/\/www.sailgarda.com\/garda\/de\/","name":"Europa Surf and Sail 2021","description":"Foiling hub and foiling courses","publisher":{"@id":"https:\/\/www.sailgarda.com\/garda\/de\/#organization"},"potentialAction":[{"@type":"SearchAction","target":{"@type":"EntryPoint","urlTemplate":"https:\/\/www.sailgarda.com\/garda\/de\/?s={search_term_string}"},"query-input":{"@type":"PropertyValueSpecification","valueRequired":true,"valueName":"search_term_string"}}],"inLanguage":"de"},{"@type":"Organization","@id":"https:\/\/www.sailgarda.com\/garda\/de\/#organization","name":"Europa Surf and Sail","url":"https:\/\/www.sailgarda.com\/garda\/de\/","logo":{"@type":"ImageObject","inLanguage":"de","@id":"https:\/\/www.sailgarda.com\/garda\/de\/#\/schema\/logo\/image\/","url":"https:\/\/www.sailgarda.com\/garda\/wp-content\/uploads\/2021\/04\/cropped-ess-logonew.jpg","contentUrl":"https:\/\/www.sailgarda.com\/garda\/wp-content\/uploads\/2021\/04\/cropped-ess-logonew.jpg","width":512,"height":512,"caption":"Europa Surf and Sail"},"image":{"@id":"https:\/\/www.sailgarda.com\/garda\/de\/#\/schema\/logo\/image\/"}}]}},"_links":{"self":[{"href":"https:\/\/www.sailgarda.com\/garda\/de\/wp-json\/wp\/v2\/pages\/46916","targetHints":{"allow":["GET"]}}],"collection":[{"href":"https:\/\/www.sailgarda.com\/garda\/de\/wp-json\/wp\/v2\/pages"}],"about":[{"href":"https:\/\/www.sailgarda.com\/garda\/de\/wp-json\/wp\/v2\/types\/page"}],"author":[{"embeddable":true,"href":"https:\/\/www.sailgarda.com\/garda\/de\/wp-json\/wp\/v2\/users\/1"}],"replies":[{"embeddable":true,"href":"https:\/\/www.sailgarda.com\/garda\/de\/wp-json\/wp\/v2\/comments?post=46916"}],"version-history":[{"count":0,"href":"https:\/\/www.sailgarda.com\/garda\/de\/wp-json\/wp\/v2\/pages\/46916\/revisions"}],"wp:attachment":[{"href":"https:\/\/www.sailgarda.com\/garda\/de\/wp-json\/wp\/v2\/media?parent=46916"}],"curies":[{"name":"wp","href":"https:\/\/api.w.org\/{rel}","templated":true}]}}